{"id":2,"date":"2019-11-20T01:58:28","date_gmt":"2019-11-20T00:58:28","guid":{"rendered":"https:\/\/www.diocese-limoges.fr\/limoges\/?page_id=2"},"modified":"2020-04-10T15:35:43","modified_gmt":"2020-04-10T13:35:43","slug":"accueil","status":"publish","type":"page","link":"https:\/\/www.diocese-limoges.fr\/grand-limoges\/","title":{"rendered":"Le mot d&rsquo;accueil"},"content":{"rendered":"\n<p>Bienvenue sur le nouveau site du dioc\u00e8se de Limoges, l\u2019\u00c9glise en Haute-Vienne et en Creuse !<\/p>\n\n\n\n<p>Pens\u00e9 et con\u00e7u pour vous, ce site est ouvert sur le monde d\u2019aujourd\u2019hui. Vous pourrez y trouver les infos sur les paroisses, les services dioc\u00e9sains, les mouvements qui font la vie de notre \u00c9glise dioc\u00e9saine, ainsi que de nombreuses ressources pour approfondir votre foi.<\/p>\n\n\n\n<p>Imagin\u00e9e pour \u00eatre connect\u00e9e avec le plus d\u2019internautes possible, cette nouvelle plateforme est en lien direct avec nos r\u00e9seaux sociaux (Facebook, Instagram, Twitter\u2026). Nous vous y attendons !<\/p>\n\n\n\n<p><\/p>\n","protected":false},"excerpt":{"rendered":"<p>Bienvenue sur le nouveau site du dioc\u00e8se de Limoges, l\u2019\u00c9glise en Haute-Vienne et en Creuse ! Pens\u00e9 et con\u00e7u pour vous, ce site est ouvert sur le monde d\u2019aujourd\u2019hui. Vous pourrez y trouver les infos sur les paroisses, les services dioc\u00e9sains, les mouvements qui font la vie de notre \u00c9glise dioc\u00e9saine, ainsi que de nombreuses [&hellip;]<\/p>\n","protected":false},"author":1,"featured_media":7,"parent":0,"menu_order":3,"comment_status":"closed","ping_status":"open","template":"","meta":{"_acf_changed":false,"footnotes":""},"class_list":["post-2","page","type-page","status-publish","has-post-thumbnail","hentry"],"acf":[],"yoast_head":"<!-- This site is optimized with the Yoast SEO plugin v26.4 - https:\/\/yoast.com\/wordpress\/plugins\/seo\/ -->\n<title>Le mot d&#039;accueil - Doyenn\u00e9s du Grand Limoges<\/title>\n<meta name=\"robots\" content=\"index, follow, max-snippet:-1, max-image-preview:large, max-video-preview:-1\" \/>\n<link rel=\"canonical\" href=\"https:\/\/www.diocese-limoges.fr\/grand-limoges\/\" \/>\n<meta property=\"og:locale\" content=\"fr_FR\" \/>\n<meta property=\"og:type\" content=\"article\" \/>\n<meta property=\"og:title\" content=\"Le mot d&#039;accueil - Doyenn\u00e9s du Grand Limoges\" \/>\n<meta property=\"og:description\" content=\"Bienvenue sur le nouveau site du dioc\u00e8se de Limoges, l\u2019\u00c9glise en Haute-Vienne et en Creuse ! Pens\u00e9 et con\u00e7u pour vous, ce site est ouvert sur le monde d\u2019aujourd\u2019hui. Vous pourrez y trouver les infos sur les paroisses, les services dioc\u00e9sains, les mouvements qui font la vie de notre \u00c9glise dioc\u00e9saine, ainsi que de nombreuses [&hellip;]\" \/>\n<meta property=\"og:url\" content=\"https:\/\/www.diocese-limoges.fr\/grand-limoges\/\" \/>\n<meta property=\"og:site_name\" content=\"Doyenn\u00e9s du Grand Limoges\" \/>\n<meta property=\"article:modified_time\" content=\"2020-04-10T13:35:43+00:00\" \/>\n<meta property=\"og:image\" content=\"https:\/\/www.diocese-limoges.fr\/grand-limoges\/wp-content\/uploads\/sites\/2\/2019\/11\/ben-white-Sdho9s_vN5I-unsplash.jpg\" \/>\n\t<meta property=\"og:image:width\" content=\"1001\" \/>\n\t<meta property=\"og:image:height\" content=\"1500\" \/>\n\t<meta property=\"og:image:type\" content=\"image\/jpeg\" \/>\n<meta name=\"twitter:card\" content=\"summary_large_image\" \/>\n<script type=\"application\/ld+json\" class=\"yoast-schema-graph\">{\"@context\":\"https:\/\/schema.org\",\"@graph\":[{\"@type\":\"WebPage\",\"@id\":\"https:\/\/www.diocese-limoges.fr\/grand-limoges\/\",\"url\":\"https:\/\/www.diocese-limoges.fr\/grand-limoges\/\",\"name\":\"Le mot d'accueil - Doyenn\u00e9s du Grand Limoges\",\"isPartOf\":{\"@id\":\"https:\/\/www.diocese-limoges.fr\/grand-limoges\/#website\"},\"primaryImageOfPage\":{\"@id\":\"https:\/\/www.diocese-limoges.fr\/grand-limoges\/#primaryimage\"},\"image\":{\"@id\":\"https:\/\/www.diocese-limoges.fr\/grand-limoges\/#primaryimage\"},\"thumbnailUrl\":\"https:\/\/www.diocese-limoges.fr\/grand-limoges\/wp-content\/uploads\/sites\/2\/2019\/11\/ben-white-Sdho9s_vN5I-unsplash.jpg\",\"datePublished\":\"2019-11-20T00:58:28+00:00\",\"dateModified\":\"2020-04-10T13:35:43+00:00\",\"breadcrumb\":{\"@id\":\"https:\/\/www.diocese-limoges.fr\/grand-limoges\/#breadcrumb\"},\"inLanguage\":\"fr-FR\",\"potentialAction\":[{\"@type\":\"ReadAction\",\"target\":[\"https:\/\/www.diocese-limoges.fr\/grand-limoges\/\"]}]},{\"@type\":\"ImageObject\",\"inLanguage\":\"fr-FR\",\"@id\":\"https:\/\/www.diocese-limoges.fr\/grand-limoges\/#primaryimage\",\"url\":\"https:\/\/www.diocese-limoges.fr\/grand-limoges\/wp-content\/uploads\/sites\/2\/2019\/11\/ben-white-Sdho9s_vN5I-unsplash.jpg\",\"contentUrl\":\"https:\/\/www.diocese-limoges.fr\/grand-limoges\/wp-content\/uploads\/sites\/2\/2019\/11\/ben-white-Sdho9s_vN5I-unsplash.jpg\",\"width\":1001,\"height\":1500},{\"@type\":\"BreadcrumbList\",\"@id\":\"https:\/\/www.diocese-limoges.fr\/grand-limoges\/#breadcrumb\",\"itemListElement\":[{\"@type\":\"ListItem\",\"position\":1,\"name\":\"Accueil\",\"item\":\"https:\/\/www.diocese-limoges.fr\/grand-limoges\/\"},{\"@type\":\"ListItem\",\"position\":2,\"name\":\"Le mot d&rsquo;accueil\"}]},{\"@type\":\"WebSite\",\"@id\":\"https:\/\/www.diocese-limoges.fr\/grand-limoges\/#website\",\"url\":\"https:\/\/www.diocese-limoges.fr\/grand-limoges\/\",\"name\":\"Doyenn\u00e9s du Grand Limoges\",\"description\":\"Dioc\u00e8se de Limoges\",\"potentialAction\":[{\"@type\":\"SearchAction\",\"target\":{\"@type\":\"EntryPoint\",\"urlTemplate\":\"https:\/\/www.diocese-limoges.fr\/grand-limoges\/?s={search_term_string}\"},\"query-input\":{\"@type\":\"PropertyValueSpecification\",\"valueRequired\":true,\"valueName\":\"search_term_string\"}}],\"inLanguage\":\"fr-FR\"}]}<\/script>\n<!-- \/ Yoast SEO plugin. -->","yoast_head_json":{"title":"Le mot d'accueil - Doyenn\u00e9s du Grand Limoges","robots":{"index":"index","follow":"follow","max-snippet":"max-snippet:-1","max-image-preview":"max-image-preview:large","max-video-preview":"max-video-preview:-1"},"canonical":"https:\/\/www.diocese-limoges.fr\/grand-limoges\/","og_locale":"fr_FR","og_type":"article","og_title":"Le mot d'accueil - Doyenn\u00e9s du Grand Limoges","og_description":"Bienvenue sur le nouveau site du dioc\u00e8se de Limoges, l\u2019\u00c9glise en Haute-Vienne et en Creuse ! Pens\u00e9 et con\u00e7u pour vous, ce site est ouvert sur le monde d\u2019aujourd\u2019hui. Vous pourrez y trouver les infos sur les paroisses, les services dioc\u00e9sains, les mouvements qui font la vie de notre \u00c9glise dioc\u00e9saine, ainsi que de nombreuses [&hellip;]","og_url":"https:\/\/www.diocese-limoges.fr\/grand-limoges\/","og_site_name":"Doyenn\u00e9s du Grand Limoges","article_modified_time":"2020-04-10T13:35:43+00:00","og_image":[{"width":1001,"height":1500,"url":"https:\/\/www.diocese-limoges.fr\/grand-limoges\/wp-content\/uploads\/sites\/2\/2019\/11\/ben-white-Sdho9s_vN5I-unsplash.jpg","type":"image\/jpeg"}],"twitter_card":"summary_large_image","schema":{"@context":"https:\/\/schema.org","@graph":[{"@type":"WebPage","@id":"https:\/\/www.diocese-limoges.fr\/grand-limoges\/","url":"https:\/\/www.diocese-limoges.fr\/grand-limoges\/","name":"Le mot d'accueil - Doyenn\u00e9s du Grand Limoges","isPartOf":{"@id":"https:\/\/www.diocese-limoges.fr\/grand-limoges\/#website"},"primaryImageOfPage":{"@id":"https:\/\/www.diocese-limoges.fr\/grand-limoges\/#primaryimage"},"image":{"@id":"https:\/\/www.diocese-limoges.fr\/grand-limoges\/#primaryimage"},"thumbnailUrl":"https:\/\/www.diocese-limoges.fr\/grand-limoges\/wp-content\/uploads\/sites\/2\/2019\/11\/ben-white-Sdho9s_vN5I-unsplash.jpg","datePublished":"2019-11-20T00:58:28+00:00","dateModified":"2020-04-10T13:35:43+00:00","breadcrumb":{"@id":"https:\/\/www.diocese-limoges.fr\/grand-limoges\/#breadcrumb"},"inLanguage":"fr-FR","potentialAction":[{"@type":"ReadAction","target":["https:\/\/www.diocese-limoges.fr\/grand-limoges\/"]}]},{"@type":"ImageObject","inLanguage":"fr-FR","@id":"https:\/\/www.diocese-limoges.fr\/grand-limoges\/#primaryimage","url":"https:\/\/www.diocese-limoges.fr\/grand-limoges\/wp-content\/uploads\/sites\/2\/2019\/11\/ben-white-Sdho9s_vN5I-unsplash.jpg","contentUrl":"https:\/\/www.diocese-limoges.fr\/grand-limoges\/wp-content\/uploads\/sites\/2\/2019\/11\/ben-white-Sdho9s_vN5I-unsplash.jpg","width":1001,"height":1500},{"@type":"BreadcrumbList","@id":"https:\/\/www.diocese-limoges.fr\/grand-limoges\/#breadcrumb","itemListElement":[{"@type":"ListItem","position":1,"name":"Accueil","item":"https:\/\/www.diocese-limoges.fr\/grand-limoges\/"},{"@type":"ListItem","position":2,"name":"Le mot d&rsquo;accueil"}]},{"@type":"WebSite","@id":"https:\/\/www.diocese-limoges.fr\/grand-limoges\/#website","url":"https:\/\/www.diocese-limoges.fr\/grand-limoges\/","name":"Doyenn\u00e9s du Grand Limoges","description":"Dioc\u00e8se de Limoges","potentialAction":[{"@type":"SearchAction","target":{"@type":"EntryPoint","urlTemplate":"https:\/\/www.diocese-limoges.fr\/grand-limoges\/?s={search_term_string}"},"query-input":{"@type":"PropertyValueSpecification","valueRequired":true,"valueName":"search_term_string"}}],"inLanguage":"fr-FR"}]}},"_links":{"self":[{"href":"https:\/\/www.diocese-limoges.fr\/grand-limoges\/wp-json\/wp\/v2\/pages\/2","targetHints":{"allow":["GET"]}}],"collection":[{"href":"https:\/\/www.diocese-limoges.fr\/grand-limoges\/wp-json\/wp\/v2\/pages"}],"about":[{"href":"https:\/\/www.diocese-limoges.fr\/grand-limoges\/wp-json\/wp\/v2\/types\/page"}],"author":[{"embeddable":true,"href":"https:\/\/www.diocese-limoges.fr\/grand-limoges\/wp-json\/wp\/v2\/users\/1"}],"replies":[{"embeddable":true,"href":"https:\/\/www.diocese-limoges.fr\/grand-limoges\/wp-json\/wp\/v2\/comments?post=2"}],"version-history":[{"count":5,"href":"https:\/\/www.diocese-limoges.fr\/grand-limoges\/wp-json\/wp\/v2\/pages\/2\/revisions"}],"predecessor-version":[{"id":117,"href":"https:\/\/www.diocese-limoges.fr\/grand-limoges\/wp-json\/wp\/v2\/pages\/2\/revisions\/117"}],"wp:featuredmedia":[{"embeddable":true,"href":"https:\/\/www.diocese-limoges.fr\/grand-limoges\/wp-json\/wp\/v2\/media\/7"}],"wp:attachment":[{"href":"https:\/\/www.diocese-limoges.fr\/grand-limoges\/wp-json\/wp\/v2\/media?parent=2"}],"curies":[{"name":"wp","href":"https:\/\/api.w.org\/{rel}","templated":true}]}}