{"id":2,"date":"2019-11-20T02:00:41","date_gmt":"2019-11-20T01:00:41","guid":{"rendered":"https:\/\/www.diocese-limoges.fr\/haute-vienne\/?page_id=2"},"modified":"2020-04-23T17:57:59","modified_gmt":"2020-04-23T15:57:59","slug":"accueil","status":"publish","type":"page","link":"https:\/\/www.diocese-limoges.fr\/haute-vienne\/","title":{"rendered":"Le mot d&rsquo;accueil"},"content":{"rendered":"\n<p>Depuis le synode dioc\u00e9sain de 1985, la Zone pastorale de la Haute-Vienne rurale compte 14 paroisses tout autour de Limoges, dans la deuxi\u00e8me couronne, du Nord au sud et d\u2019Est en Ouest du\u00a0\u00a0d\u00e9partement.<\/p>\n\n\n\n<p>Ces paroisses sont regroup\u00e9es en trois doyenn\u00e9s\u00a0: Haute-Vienne Nord, Haute-Vienne Sud-Est et Haute-Vienne Sud-Ouest. \u00c0 son service, 14 pr\u00eatres qui ne sont pas tous cur\u00e9s. 10 diacres permanents et 4 communaut\u00e9s religieuses.<\/p>\n\n\n\n<p>La population pr\u00e9sente sur ce territoire s\u2019\u00e9l\u00e8ve \u00e0 170\u00a0969 habitants. Les r\u00e9alit\u00e9s paroissiales de bassin de vie et de population sont extr\u00eamement diff\u00e9rentes suivant le positionnement dans le d\u00e9partement.<\/p>\n\n\n\n<p>C\u2019est une zone pastorale \u00e0 majorit\u00e9 rurale mais tr\u00e8s touch\u00e9 par le rurbain dans les alentours de Limoges ou dans la cit\u00e9e de Saint-Junien.<\/p>\n\n\n\n<p>Cette Zone pastorale est limitrophe de 5 d\u00e9partements\u00a0: Le Poitou, La Charente, La Dordogne, La Corr\u00e8ze et la Creuse.<\/p>\n\n\n\n<p>Cette zone est fortement marqu\u00e9e par les Ostensions septennale (prochaines en 2023).<\/p>\n","protected":false},"excerpt":{"rendered":"<p>Depuis le synode dioc\u00e9sain de 1985, la Zone pastorale de la Haute-Vienne rurale compte 14 paroisses tout autour de Limoges, dans la deuxi\u00e8me couronne, du Nord au sud et d\u2019Est en Ouest du\u00a0\u00a0d\u00e9partement. Ces paroisses sont regroup\u00e9es en trois doyenn\u00e9s\u00a0: Haute-Vienne Nord, Haute-Vienne Sud-Est et Haute-Vienne Sud-Ouest. \u00c0 son service, 14 pr\u00eatres qui ne sont [&hellip;]<\/p>\n","protected":false},"author":1,"featured_media":20,"parent":0,"menu_order":3,"comment_status":"closed","ping_status":"open","template":"","meta":{"_acf_changed":false,"footnotes":""},"class_list":["post-2","page","type-page","status-publish","has-post-thumbnail","hentry"],"acf":[],"yoast_head":"<!-- This site is optimized with the Yoast SEO plugin v26.4 - https:\/\/yoast.com\/wordpress\/plugins\/seo\/ -->\n<title>Le mot d&#039;accueil - Doyenn\u00e9s de Haute Vienne<\/title>\n<meta name=\"robots\" content=\"index, follow, max-snippet:-1, max-image-preview:large, max-video-preview:-1\" \/>\n<link rel=\"canonical\" href=\"https:\/\/www.diocese-limoges.fr\/haute-vienne\/\" \/>\n<meta property=\"og:locale\" content=\"fr_FR\" \/>\n<meta property=\"og:type\" content=\"article\" \/>\n<meta property=\"og:title\" content=\"Le mot d&#039;accueil - Doyenn\u00e9s de Haute Vienne\" \/>\n<meta property=\"og:description\" content=\"Depuis le synode dioc\u00e9sain de 1985, la Zone pastorale de la Haute-Vienne rurale compte 14 paroisses tout autour de Limoges, dans la deuxi\u00e8me couronne, du Nord au sud et d\u2019Est en Ouest du\u00a0\u00a0d\u00e9partement. Ces paroisses sont regroup\u00e9es en trois doyenn\u00e9s\u00a0: Haute-Vienne Nord, Haute-Vienne Sud-Est et Haute-Vienne Sud-Ouest. \u00c0 son service, 14 pr\u00eatres qui ne sont [&hellip;]\" \/>\n<meta property=\"og:url\" content=\"https:\/\/www.diocese-limoges.fr\/haute-vienne\/\" \/>\n<meta property=\"og:site_name\" content=\"Doyenn\u00e9s de Haute Vienne\" \/>\n<meta property=\"article:modified_time\" content=\"2020-04-23T15:57:59+00:00\" \/>\n<meta property=\"og:image\" content=\"https:\/\/www.diocese-limoges.fr\/haute-vienne\/wp-content\/uploads\/sites\/4\/2020\/01\/SAINT-MARTIN-DE-JUSSAC-St-Martin-800x340-1.jpg\" \/>\n\t<meta property=\"og:image:width\" content=\"800\" \/>\n\t<meta property=\"og:image:height\" content=\"340\" \/>\n\t<meta property=\"og:image:type\" content=\"image\/jpeg\" \/>\n<meta name=\"twitter:card\" content=\"summary_large_image\" \/>\n<meta name=\"twitter:label1\" content=\"Dur\u00e9e de lecture estim\u00e9e\" \/>\n\t<meta name=\"twitter:data1\" content=\"1 minute\" \/>\n<script type=\"application\/ld+json\" class=\"yoast-schema-graph\">{\"@context\":\"https:\/\/schema.org\",\"@graph\":[{\"@type\":\"WebPage\",\"@id\":\"https:\/\/www.diocese-limoges.fr\/haute-vienne\/\",\"url\":\"https:\/\/www.diocese-limoges.fr\/haute-vienne\/\",\"name\":\"Le mot d'accueil - Doyenn\u00e9s de Haute Vienne\",\"isPartOf\":{\"@id\":\"https:\/\/www.diocese-limoges.fr\/haute-vienne\/#website\"},\"primaryImageOfPage\":{\"@id\":\"https:\/\/www.diocese-limoges.fr\/haute-vienne\/#primaryimage\"},\"image\":{\"@id\":\"https:\/\/www.diocese-limoges.fr\/haute-vienne\/#primaryimage\"},\"thumbnailUrl\":\"https:\/\/www.diocese-limoges.fr\/haute-vienne\/wp-content\/uploads\/sites\/4\/2020\/01\/SAINT-MARTIN-DE-JUSSAC-St-Martin-800x340-1.jpg\",\"datePublished\":\"2019-11-20T01:00:41+00:00\",\"dateModified\":\"2020-04-23T15:57:59+00:00\",\"breadcrumb\":{\"@id\":\"https:\/\/www.diocese-limoges.fr\/haute-vienne\/#breadcrumb\"},\"inLanguage\":\"fr-FR\",\"potentialAction\":[{\"@type\":\"ReadAction\",\"target\":[\"https:\/\/www.diocese-limoges.fr\/haute-vienne\/\"]}]},{\"@type\":\"ImageObject\",\"inLanguage\":\"fr-FR\",\"@id\":\"https:\/\/www.diocese-limoges.fr\/haute-vienne\/#primaryimage\",\"url\":\"https:\/\/www.diocese-limoges.fr\/haute-vienne\/wp-content\/uploads\/sites\/4\/2020\/01\/SAINT-MARTIN-DE-JUSSAC-St-Martin-800x340-1.jpg\",\"contentUrl\":\"https:\/\/www.diocese-limoges.fr\/haute-vienne\/wp-content\/uploads\/sites\/4\/2020\/01\/SAINT-MARTIN-DE-JUSSAC-St-Martin-800x340-1.jpg\",\"width\":800,\"height\":340},{\"@type\":\"BreadcrumbList\",\"@id\":\"https:\/\/www.diocese-limoges.fr\/haute-vienne\/#breadcrumb\",\"itemListElement\":[{\"@type\":\"ListItem\",\"position\":1,\"name\":\"Accueil\",\"item\":\"https:\/\/www.diocese-limoges.fr\/haute-vienne\/\"},{\"@type\":\"ListItem\",\"position\":2,\"name\":\"Le mot d&rsquo;accueil\"}]},{\"@type\":\"WebSite\",\"@id\":\"https:\/\/www.diocese-limoges.fr\/haute-vienne\/#website\",\"url\":\"https:\/\/www.diocese-limoges.fr\/haute-vienne\/\",\"name\":\"Doyenn\u00e9s de Haute Vienne\",\"description\":\"Dioc\u00e8se de Limoges\",\"potentialAction\":[{\"@type\":\"SearchAction\",\"target\":{\"@type\":\"EntryPoint\",\"urlTemplate\":\"https:\/\/www.diocese-limoges.fr\/haute-vienne\/?s={search_term_string}\"},\"query-input\":{\"@type\":\"PropertyValueSpecification\",\"valueRequired\":true,\"valueName\":\"search_term_string\"}}],\"inLanguage\":\"fr-FR\"}]}<\/script>\n<!-- \/ Yoast SEO plugin. -->","yoast_head_json":{"title":"Le mot d'accueil - Doyenn\u00e9s de Haute Vienne","robots":{"index":"index","follow":"follow","max-snippet":"max-snippet:-1","max-image-preview":"max-image-preview:large","max-video-preview":"max-video-preview:-1"},"canonical":"https:\/\/www.diocese-limoges.fr\/haute-vienne\/","og_locale":"fr_FR","og_type":"article","og_title":"Le mot d'accueil - Doyenn\u00e9s de Haute Vienne","og_description":"Depuis le synode dioc\u00e9sain de 1985, la Zone pastorale de la Haute-Vienne rurale compte 14 paroisses tout autour de Limoges, dans la deuxi\u00e8me couronne, du Nord au sud et d\u2019Est en Ouest du\u00a0\u00a0d\u00e9partement. Ces paroisses sont regroup\u00e9es en trois doyenn\u00e9s\u00a0: Haute-Vienne Nord, Haute-Vienne Sud-Est et Haute-Vienne Sud-Ouest. \u00c0 son service, 14 pr\u00eatres qui ne sont [&hellip;]","og_url":"https:\/\/www.diocese-limoges.fr\/haute-vienne\/","og_site_name":"Doyenn\u00e9s de Haute Vienne","article_modified_time":"2020-04-23T15:57:59+00:00","og_image":[{"width":800,"height":340,"url":"https:\/\/www.diocese-limoges.fr\/haute-vienne\/wp-content\/uploads\/sites\/4\/2020\/01\/SAINT-MARTIN-DE-JUSSAC-St-Martin-800x340-1.jpg","type":"image\/jpeg"}],"twitter_card":"summary_large_image","twitter_misc":{"Dur\u00e9e de lecture estim\u00e9e":"1 minute"},"schema":{"@context":"https:\/\/schema.org","@graph":[{"@type":"WebPage","@id":"https:\/\/www.diocese-limoges.fr\/haute-vienne\/","url":"https:\/\/www.diocese-limoges.fr\/haute-vienne\/","name":"Le mot d'accueil - Doyenn\u00e9s de Haute Vienne","isPartOf":{"@id":"https:\/\/www.diocese-limoges.fr\/haute-vienne\/#website"},"primaryImageOfPage":{"@id":"https:\/\/www.diocese-limoges.fr\/haute-vienne\/#primaryimage"},"image":{"@id":"https:\/\/www.diocese-limoges.fr\/haute-vienne\/#primaryimage"},"thumbnailUrl":"https:\/\/www.diocese-limoges.fr\/haute-vienne\/wp-content\/uploads\/sites\/4\/2020\/01\/SAINT-MARTIN-DE-JUSSAC-St-Martin-800x340-1.jpg","datePublished":"2019-11-20T01:00:41+00:00","dateModified":"2020-04-23T15:57:59+00:00","breadcrumb":{"@id":"https:\/\/www.diocese-limoges.fr\/haute-vienne\/#breadcrumb"},"inLanguage":"fr-FR","potentialAction":[{"@type":"ReadAction","target":["https:\/\/www.diocese-limoges.fr\/haute-vienne\/"]}]},{"@type":"ImageObject","inLanguage":"fr-FR","@id":"https:\/\/www.diocese-limoges.fr\/haute-vienne\/#primaryimage","url":"https:\/\/www.diocese-limoges.fr\/haute-vienne\/wp-content\/uploads\/sites\/4\/2020\/01\/SAINT-MARTIN-DE-JUSSAC-St-Martin-800x340-1.jpg","contentUrl":"https:\/\/www.diocese-limoges.fr\/haute-vienne\/wp-content\/uploads\/sites\/4\/2020\/01\/SAINT-MARTIN-DE-JUSSAC-St-Martin-800x340-1.jpg","width":800,"height":340},{"@type":"BreadcrumbList","@id":"https:\/\/www.diocese-limoges.fr\/haute-vienne\/#breadcrumb","itemListElement":[{"@type":"ListItem","position":1,"name":"Accueil","item":"https:\/\/www.diocese-limoges.fr\/haute-vienne\/"},{"@type":"ListItem","position":2,"name":"Le mot d&rsquo;accueil"}]},{"@type":"WebSite","@id":"https:\/\/www.diocese-limoges.fr\/haute-vienne\/#website","url":"https:\/\/www.diocese-limoges.fr\/haute-vienne\/","name":"Doyenn\u00e9s de Haute Vienne","description":"Dioc\u00e8se de Limoges","potentialAction":[{"@type":"SearchAction","target":{"@type":"EntryPoint","urlTemplate":"https:\/\/www.diocese-limoges.fr\/haute-vienne\/?s={search_term_string}"},"query-input":{"@type":"PropertyValueSpecification","valueRequired":true,"valueName":"search_term_string"}}],"inLanguage":"fr-FR"}]}},"_links":{"self":[{"href":"https:\/\/www.diocese-limoges.fr\/haute-vienne\/wp-json\/wp\/v2\/pages\/2","targetHints":{"allow":["GET"]}}],"collection":[{"href":"https:\/\/www.diocese-limoges.fr\/haute-vienne\/wp-json\/wp\/v2\/pages"}],"about":[{"href":"https:\/\/www.diocese-limoges.fr\/haute-vienne\/wp-json\/wp\/v2\/types\/page"}],"author":[{"embeddable":true,"href":"https:\/\/www.diocese-limoges.fr\/haute-vienne\/wp-json\/wp\/v2\/users\/1"}],"replies":[{"embeddable":true,"href":"https:\/\/www.diocese-limoges.fr\/haute-vienne\/wp-json\/wp\/v2\/comments?post=2"}],"version-history":[{"count":7,"href":"https:\/\/www.diocese-limoges.fr\/haute-vienne\/wp-json\/wp\/v2\/pages\/2\/revisions"}],"predecessor-version":[{"id":121,"href":"https:\/\/www.diocese-limoges.fr\/haute-vienne\/wp-json\/wp\/v2\/pages\/2\/revisions\/121"}],"wp:featuredmedia":[{"embeddable":true,"href":"https:\/\/www.diocese-limoges.fr\/haute-vienne\/wp-json\/wp\/v2\/media\/20"}],"wp:attachment":[{"href":"https:\/\/www.diocese-limoges.fr\/haute-vienne\/wp-json\/wp\/v2\/media?parent=2"}],"curies":[{"name":"wp","href":"https:\/\/api.w.org\/{rel}","templated":true}]}}